{"id":798,"date":"2024-07-05T12:38:03","date_gmt":"2024-07-05T10:38:03","guid":{"rendered":"http:\/\/scziddo.cluster029.hosting.ovh.net\/?page_id=798"},"modified":"2024-09-24T11:06:25","modified_gmt":"2024-09-24T09:06:25","slug":"reeducation-reathletisation","status":"publish","type":"page","link":"https:\/\/www.physiconcept.com\/index.php\/reeducation-reathletisation\/","title":{"rendered":"R\u00e9\u00e9ducation &amp; R\u00e9athl\u00e9tisation"},"content":{"rendered":"\t\t<div data-elementor-type=\"wp-page\" data-elementor-id=\"798\" class=\"elementor elementor-798\">\n\t\t\t\t<div class=\"elementor-element elementor-element-29f45ab e-flex e-con-boxed e-con e-parent\" data-id=\"29f45ab\" data-element_type=\"container\">\n\t\t\t\t\t<div class=\"e-con-inner\">\n\t\t\t\t<div class=\"elementor-element elementor-element-7043157 elementor-widget elementor-widget-heading\" data-id=\"7043157\" data-element_type=\"widget\" data-widget_type=\"heading.default\">\n\t\t\t\t<div class=\"elementor-widget-container\">\n\t\t\t<style>\/*! elementor - v3.23.0 - 05-08-2024 *\/\n.elementor-heading-title{padding:0;margin:0;line-height:1}.elementor-widget-heading .elementor-heading-title[class*=elementor-size-]>a{color:inherit;font-size:inherit;line-height:inherit}.elementor-widget-heading .elementor-heading-title.elementor-size-small{font-size:15px}.elementor-widget-heading .elementor-heading-title.elementor-size-medium{font-size:19px}.elementor-widget-heading .elementor-heading-title.elementor-size-large{font-size:29px}.elementor-widget-heading .elementor-heading-title.elementor-size-xl{font-size:39px}.elementor-widget-heading .elementor-heading-title.elementor-size-xxl{font-size:59px}<\/style><h2 class=\"elementor-heading-title elementor-size-default\">R\u00e9\u00e9ducation & R\u00e9athl\u00e9tisation\n<\/h2>\t\t<\/div>\n\t\t\t\t<\/div>\n\t\t\t\t\t<\/div>\n\t\t\t\t<\/div>\n\t\t<div class=\"elementor-element elementor-element-834d3db e-flex e-con-boxed e-con e-parent\" data-id=\"834d3db\" data-element_type=\"container\">\n\t\t\t\t\t<div class=\"e-con-inner\">\n\t\t\t\t<div class=\"elementor-element elementor-element-25fc6fa elementor-widget elementor-widget-text-editor\" data-id=\"25fc6fa\" data-element_type=\"widget\" data-widget_type=\"text-editor.default\">\n\t\t\t\t<div class=\"elementor-widget-container\">\n\t\t\t<style>\/*! elementor - v3.23.0 - 05-08-2024 *\/\n.elementor-widget-text-editor.elementor-drop-cap-view-stacked .elementor-drop-cap{background-color:#69727d;color:#fff}.elementor-widget-text-editor.elementor-drop-cap-view-framed .elementor-drop-cap{color:#69727d;border:3px solid;background-color:transparent}.elementor-widget-text-editor:not(.elementor-drop-cap-view-default) .elementor-drop-cap{margin-top:8px}.elementor-widget-text-editor:not(.elementor-drop-cap-view-default) .elementor-drop-cap-letter{width:1em;height:1em}.elementor-widget-text-editor .elementor-drop-cap{float:left;text-align:center;line-height:1;font-size:50px}.elementor-widget-text-editor .elementor-drop-cap-letter{display:inline-block}<\/style>\t\t\t\t<div><p>La r\u00e9athl\u00e9tisation est une marque de fabrique de notre centre sport sant\u00e9. Nous collaborons avec de nombreux professionnels de sant\u00e9, m\u00e9decins, chirurgiens, kin\u00e9sith\u00e9rapeutes, ost\u00e9opathes, etc.<\/p><\/div><div><p>Les pr\u00e9parateurs physiques de physiconcept sont form\u00e9s et sensibilis\u00e9s aux protocoles sp\u00e9cifiques li\u00e9s \u00e0 la r\u00e9athl\u00e9tisation post traumatologique et post op\u00e9ratoire.<\/p><\/div><div><p>Nous travaillons en \u00e9troite collaboration avec votre kin\u00e9sith\u00e9rapeute afin d\u2019optimiser l\u2019efficacit\u00e9 de votre travail de r\u00e9habilitation.<\/p><\/div><div><p><strong>Physiconcept : \u00ab\u00a0L\u2019\u00e9loge du mouvement\u00a0\u00bb<\/strong><\/p><\/div>\t\t\t\t\t\t<\/div>\n\t\t\t\t<\/div>\n\t\t\t\t<div class=\"elementor-element elementor-element-be5fb2c elementor-align-center elementor-widget elementor-widget-button\" data-id=\"be5fb2c\" data-element_type=\"widget\" data-widget_type=\"button.default\">\n\t\t\t\t<div class=\"elementor-widget-container\">\n\t\t\t\t\t<div class=\"elementor-button-wrapper\">\n\t\t\t<a class=\"elementor-button elementor-button-link elementor-size-sm\" href=\"\/index.php\/tarifs\/\">\n\t\t\t\t\t\t<span class=\"elementor-button-content-wrapper\">\n\t\t\t\t\t\t\t\t\t<span class=\"elementor-button-text\">Voir les tarifs<\/span>\n\t\t\t\t\t<\/span>\n\t\t\t\t\t<\/a>\n\t\t<\/div>\n\t\t\t\t<\/div>\n\t\t\t\t<\/div>\n\t\t\t\t\t<\/div>\n\t\t\t\t<\/div>\n\t\t<div class=\"elementor-element elementor-element-df993e9 e-con-full e-flex e-con e-parent\" data-id=\"df993e9\" data-element_type=\"container\">\n\t\t<div class=\"elementor-element elementor-element-f36f1eb e-con-full e-flex e-con e-child\" data-id=\"f36f1eb\" data-element_type=\"container\">\n\t\t\t\t<div class=\"elementor-element elementor-element-2a4ccfb elementor-widget elementor-widget-image\" data-id=\"2a4ccfb\" data-element_type=\"widget\" data-widget_type=\"image.default\">\n\t\t\t\t<div class=\"elementor-widget-container\">\n\t\t\t<style>\/*! elementor - v3.23.0 - 05-08-2024 *\/\n.elementor-widget-image{text-align:center}.elementor-widget-image a{display:inline-block}.elementor-widget-image a img[src$=\".svg\"]{width:48px}.elementor-widget-image img{vertical-align:middle;display:inline-block}<\/style>\t\t\t\t\t\t\t\t\t\t<img fetchpriority=\"high\" decoding=\"async\" width=\"1200\" height=\"1600\" src=\"https:\/\/www.physiconcept.com\/wp-content\/uploads\/2024\/09\/IMG-20240903-WA0042.jpg\" class=\"attachment-2048x2048 size-2048x2048 wp-image-1563\" alt=\"\" srcset=\"https:\/\/www.physiconcept.com\/wp-content\/uploads\/2024\/09\/IMG-20240903-WA0042.jpg 1200w, https:\/\/www.physiconcept.com\/wp-content\/uploads\/2024\/09\/IMG-20240903-WA0042-225x300.jpg 225w, https:\/\/www.physiconcept.com\/wp-content\/uploads\/2024\/09\/IMG-20240903-WA0042-768x1024.jpg 768w, https:\/\/www.physiconcept.com\/wp-content\/uploads\/2024\/09\/IMG-20240903-WA0042-1152x1536.jpg 1152w\" sizes=\"(max-width: 1200px) 100vw, 1200px\" \/>\t\t\t\t\t\t\t\t\t\t\t\t\t<\/div>\n\t\t\t\t<\/div>\n\t\t\t\t<\/div>\n\t\t<div class=\"elementor-element elementor-element-bb4e932 e-con-full e-flex e-con e-child\" data-id=\"bb4e932\" data-element_type=\"container\">\n\t\t\t\t<div class=\"elementor-element elementor-element-e42b5ed elementor-widget elementor-widget-text-editor\" data-id=\"e42b5ed\" data-element_type=\"widget\" data-widget_type=\"text-editor.default\">\n\t\t\t\t<div class=\"elementor-widget-container\">\n\t\t\t\t\t\t\t<div><p>Formule adress\u00e9 \u00e0 des sportifs en cours de r\u00e9cup\u00e9ration apr\u00e8s blessure.<\/p><\/div><div><p>En relais de la kin\u00e9, Physiconcept assure la p\u00e9riode de transition d\u00e9cisive entre votre phase de r\u00e9\u00e9ducation et votre reprise sportive.<\/p><p>L\u2019objectif est de vous permettre de reprendre votre activit\u00e9 de pr\u00e9dilection en toute s\u00e9curit\u00e9 et \u00e0 100% de vos capacit\u00e9s physiques, athl\u00e9tiques et mentales.<\/p><p><strong>Les s\u00e9ances de r\u00e9athl\u00e9tisation sont de 45 minutes et nous travaillons exclusivement sur la pathologie.<\/strong><\/p><\/div>\t\t\t\t\t\t<\/div>\n\t\t\t\t<\/div>\n\t\t\t\t<\/div>\n\t\t\t\t<\/div>\n\t\t<div class=\"elementor-element elementor-element-619e7a3 e-flex e-con-boxed e-con e-parent\" data-id=\"619e7a3\" data-element_type=\"container\">\n\t\t\t\t\t<div class=\"e-con-inner\">\n\t\t\t\t<div class=\"elementor-element elementor-element-403f462 gallery-spacing-custom elementor-widget elementor-widget-image-gallery\" data-id=\"403f462\" data-element_type=\"widget\" data-widget_type=\"image-gallery.default\">\n\t\t\t\t<div class=\"elementor-widget-container\">\n\t\t\t<style>\/*! elementor - v3.23.0 - 05-08-2024 *\/\n.elementor-image-gallery .gallery-item{display:inline-block;text-align:center;vertical-align:top;width:100%;max-width:100%;margin:0 auto}.elementor-image-gallery .gallery-item img{margin:0 auto}.elementor-image-gallery .gallery-item .gallery-caption{margin:0}.elementor-image-gallery figure img{display:block}.elementor-image-gallery figure figcaption{width:100%}.gallery-spacing-custom .elementor-image-gallery .gallery-icon{padding:0}@media (min-width:768px){.elementor-image-gallery .gallery-columns-2 .gallery-item{max-width:50%}.elementor-image-gallery .gallery-columns-3 .gallery-item{max-width:33.33%}.elementor-image-gallery .gallery-columns-4 .gallery-item{max-width:25%}.elementor-image-gallery .gallery-columns-5 .gallery-item{max-width:20%}.elementor-image-gallery .gallery-columns-6 .gallery-item{max-width:16.666%}.elementor-image-gallery .gallery-columns-7 .gallery-item{max-width:14.28%}.elementor-image-gallery .gallery-columns-8 .gallery-item{max-width:12.5%}.elementor-image-gallery .gallery-columns-9 .gallery-item{max-width:11.11%}.elementor-image-gallery .gallery-columns-10 .gallery-item{max-width:10%}}@media (min-width:480px) and (max-width:767px){.elementor-image-gallery .gallery.gallery-columns-2 .gallery-item,.elementor-image-gallery .gallery.gallery-columns-3 .gallery-item,.elementor-image-gallery .gallery.gallery-columns-4 .gallery-item,.elementor-image-gallery .gallery.gallery-columns-5 .gallery-item,.elementor-image-gallery .gallery.gallery-columns-6 .gallery-item,.elementor-image-gallery .gallery.gallery-columns-7 .gallery-item,.elementor-image-gallery .gallery.gallery-columns-8 .gallery-item,.elementor-image-gallery .gallery.gallery-columns-9 .gallery-item,.elementor-image-gallery .gallery.gallery-columns-10 .gallery-item{max-width:50%}}@media (max-width:479px){.elementor-image-gallery .gallery.gallery-columns-2 .gallery-item,.elementor-image-gallery .gallery.gallery-columns-3 .gallery-item,.elementor-image-gallery .gallery.gallery-columns-4 .gallery-item,.elementor-image-gallery .gallery.gallery-columns-5 .gallery-item,.elementor-image-gallery .gallery.gallery-columns-6 .gallery-item,.elementor-image-gallery .gallery.gallery-columns-7 .gallery-item,.elementor-image-gallery .gallery.gallery-columns-8 .gallery-item,.elementor-image-gallery .gallery.gallery-columns-9 .gallery-item,.elementor-image-gallery .gallery.gallery-columns-10 .gallery-item{max-width:100%}}<\/style>\t\t<div class=\"elementor-image-gallery\">\n\t\t\t<div id='gallery-1' class='gallery galleryid-798 gallery-columns-4 gallery-size-2048x2048'><figure class='gallery-item'>\n\t\t\t<div class='gallery-icon portrait'>\n\t\t\t\t<a data-elementor-open-lightbox=\"yes\" data-elementor-lightbox-slideshow=\"403f462\" data-elementor-lightbox-title=\"IMG_9414\" data-e-action-hash=\"#elementor-action%3Aaction%3Dlightbox%26settings%3DeyJpZCI6MTY5MiwidXJsIjoiaHR0cHM6XC9cL3d3dy5waHlzaWNvbmNlcHQuY29tXC93cC1jb250ZW50XC91cGxvYWRzXC8yMDI0XC8wOVwvSU1HXzk0MTQtc2NhbGVkLmpwZyIsInNsaWRlc2hvdyI6IjQwM2Y0NjIifQ%3D%3D\" href='https:\/\/www.physiconcept.com\/wp-content\/uploads\/2024\/09\/IMG_9414-scaled.jpg'><img decoding=\"async\" width=\"1536\" height=\"2048\" src=\"https:\/\/www.physiconcept.com\/wp-content\/uploads\/2024\/09\/IMG_9414-1536x2048.jpg\" class=\"attachment-2048x2048 size-2048x2048\" alt=\"\" srcset=\"https:\/\/www.physiconcept.com\/wp-content\/uploads\/2024\/09\/IMG_9414-1536x2048.jpg 1536w, https:\/\/www.physiconcept.com\/wp-content\/uploads\/2024\/09\/IMG_9414-225x300.jpg 225w, https:\/\/www.physiconcept.com\/wp-content\/uploads\/2024\/09\/IMG_9414-768x1024.jpg 768w, https:\/\/www.physiconcept.com\/wp-content\/uploads\/2024\/09\/IMG_9414-1152x1536.jpg 1152w, https:\/\/www.physiconcept.com\/wp-content\/uploads\/2024\/09\/IMG_9414-scaled.jpg 1920w\" sizes=\"(max-width: 1536px) 100vw, 1536px\" \/><\/a>\n\t\t\t<\/div><\/figure><figure class='gallery-item'>\n\t\t\t<div class='gallery-icon portrait'>\n\t\t\t\t<a data-elementor-open-lightbox=\"yes\" data-elementor-lightbox-slideshow=\"403f462\" data-elementor-lightbox-title=\"IMG_6137\" data-e-action-hash=\"#elementor-action%3Aaction%3Dlightbox%26settings%3DeyJpZCI6MTY4OSwidXJsIjoiaHR0cHM6XC9cL3d3dy5waHlzaWNvbmNlcHQuY29tXC93cC1jb250ZW50XC91cGxvYWRzXC8yMDI0XC8wOVwvSU1HXzYxMzctc2NhbGVkLmpwZyIsInNsaWRlc2hvdyI6IjQwM2Y0NjIifQ%3D%3D\" href='https:\/\/www.physiconcept.com\/wp-content\/uploads\/2024\/09\/IMG_6137-scaled.jpg'><img decoding=\"async\" width=\"1536\" height=\"2048\" src=\"https:\/\/www.physiconcept.com\/wp-content\/uploads\/2024\/09\/IMG_6137-1536x2048.jpg\" class=\"attachment-2048x2048 size-2048x2048\" alt=\"\" srcset=\"https:\/\/www.physiconcept.com\/wp-content\/uploads\/2024\/09\/IMG_6137-1536x2048.jpg 1536w, https:\/\/www.physiconcept.com\/wp-content\/uploads\/2024\/09\/IMG_6137-225x300.jpg 225w, https:\/\/www.physiconcept.com\/wp-content\/uploads\/2024\/09\/IMG_6137-768x1024.jpg 768w, https:\/\/www.physiconcept.com\/wp-content\/uploads\/2024\/09\/IMG_6137-1152x1536.jpg 1152w, https:\/\/www.physiconcept.com\/wp-content\/uploads\/2024\/09\/IMG_6137-scaled.jpg 1920w\" sizes=\"(max-width: 1536px) 100vw, 1536px\" \/><\/a>\n\t\t\t<\/div><\/figure><figure class='gallery-item'>\n\t\t\t<div class='gallery-icon portrait'>\n\t\t\t\t<a data-elementor-open-lightbox=\"yes\" data-elementor-lightbox-slideshow=\"403f462\" data-elementor-lightbox-title=\"IMG-20240903-WA0018\" data-e-action-hash=\"#elementor-action%3Aaction%3Dlightbox%26settings%3DeyJpZCI6MTU4NCwidXJsIjoiaHR0cHM6XC9cL3d3dy5waHlzaWNvbmNlcHQuY29tXC93cC1jb250ZW50XC91cGxvYWRzXC8yMDI0XC8wOVwvSU1HLTIwMjQwOTAzLVdBMDAxOC5qcGciLCJzbGlkZXNob3ciOiI0MDNmNDYyIn0%3D\" href='https:\/\/www.physiconcept.com\/wp-content\/uploads\/2024\/09\/IMG-20240903-WA0018.jpg'><img loading=\"lazy\" decoding=\"async\" width=\"1200\" height=\"1600\" src=\"https:\/\/www.physiconcept.com\/wp-content\/uploads\/2024\/09\/IMG-20240903-WA0018.jpg\" class=\"attachment-2048x2048 size-2048x2048\" alt=\"\" srcset=\"https:\/\/www.physiconcept.com\/wp-content\/uploads\/2024\/09\/IMG-20240903-WA0018.jpg 1200w, https:\/\/www.physiconcept.com\/wp-content\/uploads\/2024\/09\/IMG-20240903-WA0018-225x300.jpg 225w, https:\/\/www.physiconcept.com\/wp-content\/uploads\/2024\/09\/IMG-20240903-WA0018-768x1024.jpg 768w, https:\/\/www.physiconcept.com\/wp-content\/uploads\/2024\/09\/IMG-20240903-WA0018-1152x1536.jpg 1152w\" sizes=\"(max-width: 1200px) 100vw, 1200px\" \/><\/a>\n\t\t\t<\/div><\/figure><figure class='gallery-item'>\n\t\t\t<div class='gallery-icon portrait'>\n\t\t\t\t<a data-elementor-open-lightbox=\"yes\" data-elementor-lightbox-slideshow=\"403f462\" data-elementor-lightbox-title=\"IMG-20240903-WA0024\" data-e-action-hash=\"#elementor-action%3Aaction%3Dlightbox%26settings%3DeyJpZCI6MTU3OSwidXJsIjoiaHR0cHM6XC9cL3d3dy5waHlzaWNvbmNlcHQuY29tXC93cC1jb250ZW50XC91cGxvYWRzXC8yMDI0XC8wOVwvSU1HLTIwMjQwOTAzLVdBMDAyNC5qcGciLCJzbGlkZXNob3ciOiI0MDNmNDYyIn0%3D\" href='https:\/\/www.physiconcept.com\/wp-content\/uploads\/2024\/09\/IMG-20240903-WA0024.jpg'><img loading=\"lazy\" decoding=\"async\" width=\"1200\" height=\"1600\" src=\"https:\/\/www.physiconcept.com\/wp-content\/uploads\/2024\/09\/IMG-20240903-WA0024.jpg\" class=\"attachment-2048x2048 size-2048x2048\" alt=\"\" srcset=\"https:\/\/www.physiconcept.com\/wp-content\/uploads\/2024\/09\/IMG-20240903-WA0024.jpg 1200w, https:\/\/www.physiconcept.com\/wp-content\/uploads\/2024\/09\/IMG-20240903-WA0024-225x300.jpg 225w, https:\/\/www.physiconcept.com\/wp-content\/uploads\/2024\/09\/IMG-20240903-WA0024-768x1024.jpg 768w, https:\/\/www.physiconcept.com\/wp-content\/uploads\/2024\/09\/IMG-20240903-WA0024-1152x1536.jpg 1152w\" sizes=\"(max-width: 1200px) 100vw, 1200px\" \/><\/a>\n\t\t\t<\/div><\/figure><figure class='gallery-item'>\n\t\t\t<div class='gallery-icon portrait'>\n\t\t\t\t<a data-elementor-open-lightbox=\"yes\" data-elementor-lightbox-slideshow=\"403f462\" data-elementor-lightbox-title=\"IMG-20240903-WA0027\" data-e-action-hash=\"#elementor-action%3Aaction%3Dlightbox%26settings%3DeyJpZCI6MTU3NywidXJsIjoiaHR0cHM6XC9cL3d3dy5waHlzaWNvbmNlcHQuY29tXC93cC1jb250ZW50XC91cGxvYWRzXC8yMDI0XC8wOVwvSU1HLTIwMjQwOTAzLVdBMDAyNy5qcGciLCJzbGlkZXNob3ciOiI0MDNmNDYyIn0%3D\" href='https:\/\/www.physiconcept.com\/wp-content\/uploads\/2024\/09\/IMG-20240903-WA0027.jpg'><img loading=\"lazy\" decoding=\"async\" width=\"1200\" height=\"1600\" src=\"https:\/\/www.physiconcept.com\/wp-content\/uploads\/2024\/09\/IMG-20240903-WA0027.jpg\" class=\"attachment-2048x2048 size-2048x2048\" alt=\"\" srcset=\"https:\/\/www.physiconcept.com\/wp-content\/uploads\/2024\/09\/IMG-20240903-WA0027.jpg 1200w, https:\/\/www.physiconcept.com\/wp-content\/uploads\/2024\/09\/IMG-20240903-WA0027-225x300.jpg 225w, https:\/\/www.physiconcept.com\/wp-content\/uploads\/2024\/09\/IMG-20240903-WA0027-768x1024.jpg 768w, https:\/\/www.physiconcept.com\/wp-content\/uploads\/2024\/09\/IMG-20240903-WA0027-1152x1536.jpg 1152w\" sizes=\"(max-width: 1200px) 100vw, 1200px\" \/><\/a>\n\t\t\t<\/div><\/figure><figure class='gallery-item'>\n\t\t\t<div class='gallery-icon portrait'>\n\t\t\t\t<a data-elementor-open-lightbox=\"yes\" data-elementor-lightbox-slideshow=\"403f462\" data-elementor-lightbox-title=\"IMG-20240903-WA0038\" data-e-action-hash=\"#elementor-action%3Aaction%3Dlightbox%26settings%3DeyJpZCI6MTU2NywidXJsIjoiaHR0cHM6XC9cL3d3dy5waHlzaWNvbmNlcHQuY29tXC93cC1jb250ZW50XC91cGxvYWRzXC8yMDI0XC8wOVwvSU1HLTIwMjQwOTAzLVdBMDAzOC5qcGciLCJzbGlkZXNob3ciOiI0MDNmNDYyIn0%3D\" href='https:\/\/www.physiconcept.com\/wp-content\/uploads\/2024\/09\/IMG-20240903-WA0038.jpg'><img loading=\"lazy\" decoding=\"async\" width=\"1200\" height=\"1600\" src=\"https:\/\/www.physiconcept.com\/wp-content\/uploads\/2024\/09\/IMG-20240903-WA0038.jpg\" class=\"attachment-2048x2048 size-2048x2048\" alt=\"\" srcset=\"https:\/\/www.physiconcept.com\/wp-content\/uploads\/2024\/09\/IMG-20240903-WA0038.jpg 1200w, https:\/\/www.physiconcept.com\/wp-content\/uploads\/2024\/09\/IMG-20240903-WA0038-225x300.jpg 225w, https:\/\/www.physiconcept.com\/wp-content\/uploads\/2024\/09\/IMG-20240903-WA0038-768x1024.jpg 768w, https:\/\/www.physiconcept.com\/wp-content\/uploads\/2024\/09\/IMG-20240903-WA0038-1152x1536.jpg 1152w\" sizes=\"(max-width: 1200px) 100vw, 1200px\" \/><\/a>\n\t\t\t<\/div><\/figure><figure class='gallery-item'>\n\t\t\t<div class='gallery-icon portrait'>\n\t\t\t\t<a data-elementor-open-lightbox=\"yes\" data-elementor-lightbox-slideshow=\"403f462\" data-elementor-lightbox-title=\"IMG-20240903-WA0071\" data-e-action-hash=\"#elementor-action%3Aaction%3Dlightbox%26settings%3DeyJpZCI6MTUzNSwidXJsIjoiaHR0cHM6XC9cL3d3dy5waHlzaWNvbmNlcHQuY29tXC93cC1jb250ZW50XC91cGxvYWRzXC8yMDI0XC8wOVwvSU1HLTIwMjQwOTAzLVdBMDA3MS5qcGciLCJzbGlkZXNob3ciOiI0MDNmNDYyIn0%3D\" href='https:\/\/www.physiconcept.com\/wp-content\/uploads\/2024\/09\/IMG-20240903-WA0071.jpg'><img loading=\"lazy\" decoding=\"async\" width=\"1200\" height=\"1600\" src=\"https:\/\/www.physiconcept.com\/wp-content\/uploads\/2024\/09\/IMG-20240903-WA0071.jpg\" class=\"attachment-2048x2048 size-2048x2048\" alt=\"\" srcset=\"https:\/\/www.physiconcept.com\/wp-content\/uploads\/2024\/09\/IMG-20240903-WA0071.jpg 1200w, https:\/\/www.physiconcept.com\/wp-content\/uploads\/2024\/09\/IMG-20240903-WA0071-225x300.jpg 225w, https:\/\/www.physiconcept.com\/wp-content\/uploads\/2024\/09\/IMG-20240903-WA0071-768x1024.jpg 768w, https:\/\/www.physiconcept.com\/wp-content\/uploads\/2024\/09\/IMG-20240903-WA0071-1152x1536.jpg 1152w\" sizes=\"(max-width: 1200px) 100vw, 1200px\" \/><\/a>\n\t\t\t<\/div><\/figure><figure class='gallery-item'>\n\t\t\t<div class='gallery-icon portrait'>\n\t\t\t\t<a data-elementor-open-lightbox=\"yes\" data-elementor-lightbox-slideshow=\"403f462\" data-elementor-lightbox-title=\"IMG-20240903-WA0119\" data-e-action-hash=\"#elementor-action%3Aaction%3Dlightbox%26settings%3DeyJpZCI6MTQ4NywidXJsIjoiaHR0cHM6XC9cL3d3dy5waHlzaWNvbmNlcHQuY29tXC93cC1jb250ZW50XC91cGxvYWRzXC8yMDI0XC8wOVwvSU1HLTIwMjQwOTAzLVdBMDExOS5qcGciLCJzbGlkZXNob3ciOiI0MDNmNDYyIn0%3D\" href='https:\/\/www.physiconcept.com\/wp-content\/uploads\/2024\/09\/IMG-20240903-WA0119.jpg'><img loading=\"lazy\" decoding=\"async\" width=\"1200\" height=\"1600\" src=\"https:\/\/www.physiconcept.com\/wp-content\/uploads\/2024\/09\/IMG-20240903-WA0119.jpg\" class=\"attachment-2048x2048 size-2048x2048\" alt=\"\" srcset=\"https:\/\/www.physiconcept.com\/wp-content\/uploads\/2024\/09\/IMG-20240903-WA0119.jpg 1200w, https:\/\/www.physiconcept.com\/wp-content\/uploads\/2024\/09\/IMG-20240903-WA0119-225x300.jpg 225w, https:\/\/www.physiconcept.com\/wp-content\/uploads\/2024\/09\/IMG-20240903-WA0119-768x1024.jpg 768w, https:\/\/www.physiconcept.com\/wp-content\/uploads\/2024\/09\/IMG-20240903-WA0119-1152x1536.jpg 1152w\" sizes=\"(max-width: 1200px) 100vw, 1200px\" \/><\/a>\n\t\t\t<\/div><\/figure><figure class='gallery-item'>\n\t\t\t<div class='gallery-icon portrait'>\n\t\t\t\t<a data-elementor-open-lightbox=\"yes\" data-elementor-lightbox-slideshow=\"403f462\" data-elementor-lightbox-title=\"IMG-20240917-WA0005\" data-e-action-hash=\"#elementor-action%3Aaction%3Dlightbox%26settings%3DeyJpZCI6MjEwMCwidXJsIjoiaHR0cHM6XC9cL3d3dy5waHlzaWNvbmNlcHQuY29tXC93cC1jb250ZW50XC91cGxvYWRzXC8yMDI0XC8wOVwvSU1HLTIwMjQwOTE3LVdBMDAwNS5qcGciLCJzbGlkZXNob3ciOiI0MDNmNDYyIn0%3D\" href='https:\/\/www.physiconcept.com\/wp-content\/uploads\/2024\/09\/IMG-20240917-WA0005.jpg'><img loading=\"lazy\" decoding=\"async\" width=\"1200\" height=\"1600\" src=\"https:\/\/www.physiconcept.com\/wp-content\/uploads\/2024\/09\/IMG-20240917-WA0005.jpg\" class=\"attachment-2048x2048 size-2048x2048\" alt=\"\" srcset=\"https:\/\/www.physiconcept.com\/wp-content\/uploads\/2024\/09\/IMG-20240917-WA0005.jpg 1200w, https:\/\/www.physiconcept.com\/wp-content\/uploads\/2024\/09\/IMG-20240917-WA0005-225x300.jpg 225w, https:\/\/www.physiconcept.com\/wp-content\/uploads\/2024\/09\/IMG-20240917-WA0005-768x1024.jpg 768w, https:\/\/www.physiconcept.com\/wp-content\/uploads\/2024\/09\/IMG-20240917-WA0005-1152x1536.jpg 1152w\" sizes=\"(max-width: 1200px) 100vw, 1200px\" \/><\/a>\n\t\t\t<\/div><\/figure><figure class='gallery-item'>\n\t\t\t<div class='gallery-icon portrait'>\n\t\t\t\t<a data-elementor-open-lightbox=\"yes\" data-elementor-lightbox-slideshow=\"403f462\" data-elementor-lightbox-title=\"IMG-20240917-WA0010\" data-e-action-hash=\"#elementor-action%3Aaction%3Dlightbox%26settings%3DeyJpZCI6MjA4OSwidXJsIjoiaHR0cHM6XC9cL3d3dy5waHlzaWNvbmNlcHQuY29tXC93cC1jb250ZW50XC91cGxvYWRzXC8yMDI0XC8wOVwvSU1HLTIwMjQwOTE3LVdBMDAxMC5qcGciLCJzbGlkZXNob3ciOiI0MDNmNDYyIn0%3D\" href='https:\/\/www.physiconcept.com\/wp-content\/uploads\/2024\/09\/IMG-20240917-WA0010.jpg'><img loading=\"lazy\" decoding=\"async\" width=\"1200\" height=\"1600\" src=\"https:\/\/www.physiconcept.com\/wp-content\/uploads\/2024\/09\/IMG-20240917-WA0010.jpg\" class=\"attachment-2048x2048 size-2048x2048\" alt=\"\" srcset=\"https:\/\/www.physiconcept.com\/wp-content\/uploads\/2024\/09\/IMG-20240917-WA0010.jpg 1200w, https:\/\/www.physiconcept.com\/wp-content\/uploads\/2024\/09\/IMG-20240917-WA0010-225x300.jpg 225w, https:\/\/www.physiconcept.com\/wp-content\/uploads\/2024\/09\/IMG-20240917-WA0010-768x1024.jpg 768w, https:\/\/www.physiconcept.com\/wp-content\/uploads\/2024\/09\/IMG-20240917-WA0010-1152x1536.jpg 1152w\" sizes=\"(max-width: 1200px) 100vw, 1200px\" \/><\/a>\n\t\t\t<\/div><\/figure><figure class='gallery-item'>\n\t\t\t<div class='gallery-icon portrait'>\n\t\t\t\t<a data-elementor-open-lightbox=\"yes\" data-elementor-lightbox-slideshow=\"403f462\" data-elementor-lightbox-title=\"IMG-20240917-WA0034\" data-e-action-hash=\"#elementor-action%3Aaction%3Dlightbox%26settings%3DeyJpZCI6MjA3MCwidXJsIjoiaHR0cHM6XC9cL3d3dy5waHlzaWNvbmNlcHQuY29tXC93cC1jb250ZW50XC91cGxvYWRzXC8yMDI0XC8wOVwvSU1HLTIwMjQwOTE3LVdBMDAzNC5qcGciLCJzbGlkZXNob3ciOiI0MDNmNDYyIn0%3D\" href='https:\/\/www.physiconcept.com\/wp-content\/uploads\/2024\/09\/IMG-20240917-WA0034.jpg'><img loading=\"lazy\" decoding=\"async\" width=\"1200\" height=\"1600\" src=\"https:\/\/www.physiconcept.com\/wp-content\/uploads\/2024\/09\/IMG-20240917-WA0034.jpg\" class=\"attachment-2048x2048 size-2048x2048\" alt=\"\" srcset=\"https:\/\/www.physiconcept.com\/wp-content\/uploads\/2024\/09\/IMG-20240917-WA0034.jpg 1200w, https:\/\/www.physiconcept.com\/wp-content\/uploads\/2024\/09\/IMG-20240917-WA0034-225x300.jpg 225w, https:\/\/www.physiconcept.com\/wp-content\/uploads\/2024\/09\/IMG-20240917-WA0034-768x1024.jpg 768w, https:\/\/www.physiconcept.com\/wp-content\/uploads\/2024\/09\/IMG-20240917-WA0034-1152x1536.jpg 1152w\" sizes=\"(max-width: 1200px) 100vw, 1200px\" \/><\/a>\n\t\t\t<\/div><\/figure><figure class='gallery-item'>\n\t\t\t<div class='gallery-icon portrait'>\n\t\t\t\t<a data-elementor-open-lightbox=\"yes\" data-elementor-lightbox-slideshow=\"403f462\" data-elementor-lightbox-title=\"IMG_3311\" data-e-action-hash=\"#elementor-action%3Aaction%3Dlightbox%26settings%3DeyJpZCI6MTY0NCwidXJsIjoiaHR0cHM6XC9cL3d3dy5waHlzaWNvbmNlcHQuY29tXC93cC1jb250ZW50XC91cGxvYWRzXC8yMDI0XC8wOVwvSU1HXzMzMTEtc2NhbGVkLmpwZyIsInNsaWRlc2hvdyI6IjQwM2Y0NjIifQ%3D%3D\" href='https:\/\/www.physiconcept.com\/wp-content\/uploads\/2024\/09\/IMG_3311-scaled.jpg'><img loading=\"lazy\" decoding=\"async\" width=\"1536\" height=\"2048\" src=\"https:\/\/www.physiconcept.com\/wp-content\/uploads\/2024\/09\/IMG_3311-1536x2048.jpg\" class=\"attachment-2048x2048 size-2048x2048\" alt=\"\" srcset=\"https:\/\/www.physiconcept.com\/wp-content\/uploads\/2024\/09\/IMG_3311-1536x2048.jpg 1536w, https:\/\/www.physiconcept.com\/wp-content\/uploads\/2024\/09\/IMG_3311-225x300.jpg 225w, https:\/\/www.physiconcept.com\/wp-content\/uploads\/2024\/09\/IMG_3311-768x1024.jpg 768w, https:\/\/www.physiconcept.com\/wp-content\/uploads\/2024\/09\/IMG_3311-1152x1536.jpg 1152w, https:\/\/www.physiconcept.com\/wp-content\/uploads\/2024\/09\/IMG_3311-scaled.jpg 1920w\" sizes=\"(max-width: 1536px) 100vw, 1536px\" \/><\/a>\n\t\t\t<\/div><\/figure>\n\t\t<\/div>\n\t\t<\/div>\n\t\t\t\t<\/div>\n\t\t\t\t<\/div>\n\t\t\t\t\t<\/div>\n\t\t\t\t<\/div>\n\t\t\t\t<\/div>\n\t\t","protected":false},"excerpt":{"rendered":"<p>R\u00e9\u00e9ducation &#038; R\u00e9athl\u00e9tisation La r\u00e9athl\u00e9tisation est une marque de fabrique de notre centre sport sant\u00e9. Nous collaborons avec de nombreux professionnels de sant\u00e9, m\u00e9decins, chirurgiens, kin\u00e9sith\u00e9rapeutes, ost\u00e9opathes, etc. Les pr\u00e9parateurs physiques de physiconcept sont form\u00e9s et sensibilis\u00e9s aux protocoles sp\u00e9cifiques li\u00e9s \u00e0 la r\u00e9athl\u00e9tisation post traumatologique et post op\u00e9ratoire. Nous travaillons en \u00e9troite collaboration avec [&hellip;]<\/p>\n","protected":false},"author":1,"featured_media":0,"parent":0,"menu_order":0,"comment_status":"closed","ping_status":"closed","template":"","meta":{"footnotes":""},"class_list":["post-798","page","type-page","status-publish","hentry"],"_links":{"self":[{"href":"https:\/\/www.physiconcept.com\/index.php\/wp-json\/wp\/v2\/pages\/798","targetHints":{"allow":["GET"]}}],"collection":[{"href":"https:\/\/www.physiconcept.com\/index.php\/wp-json\/wp\/v2\/pages"}],"about":[{"href":"https:\/\/www.physiconcept.com\/index.php\/wp-json\/wp\/v2\/types\/page"}],"author":[{"embeddable":true,"href":"https:\/\/www.physiconcept.com\/index.php\/wp-json\/wp\/v2\/users\/1"}],"replies":[{"embeddable":true,"href":"https:\/\/www.physiconcept.com\/index.php\/wp-json\/wp\/v2\/comments?post=798"}],"version-history":[{"count":19,"href":"https:\/\/www.physiconcept.com\/index.php\/wp-json\/wp\/v2\/pages\/798\/revisions"}],"predecessor-version":[{"id":2204,"href":"https:\/\/www.physiconcept.com\/index.php\/wp-json\/wp\/v2\/pages\/798\/revisions\/2204"}],"wp:attachment":[{"href":"https:\/\/www.physiconcept.com\/index.php\/wp-json\/wp\/v2\/media?parent=798"}],"curies":[{"name":"wp","href":"https:\/\/api.w.org\/{rel}","templated":true}]}}