{"id":783,"date":"2024-07-05T11:52:39","date_gmt":"2024-07-05T09:52:39","guid":{"rendered":"http:\/\/scziddo.cluster029.hosting.ovh.net\/?page_id=783"},"modified":"2024-09-24T11:01:26","modified_gmt":"2024-09-24T09:01:26","slug":"performance-et-suivi-sportif","status":"publish","type":"page","link":"https:\/\/www.physiconcept.com\/index.php\/performance-et-suivi-sportif\/","title":{"rendered":"Performance et suivi sportif"},"content":{"rendered":"\t\t<div data-elementor-type=\"wp-page\" data-elementor-id=\"783\" class=\"elementor elementor-783\">\n\t\t\t\t<div class=\"elementor-element elementor-element-285eb4f4 e-flex e-con-boxed e-con e-parent\" data-id=\"285eb4f4\" data-element_type=\"container\">\n\t\t\t\t\t<div class=\"e-con-inner\">\n\t\t\t\t<div class=\"elementor-element elementor-element-7dee0579 elementor-widget elementor-widget-heading\" data-id=\"7dee0579\" data-element_type=\"widget\" data-widget_type=\"heading.default\">\n\t\t\t\t<div class=\"elementor-widget-container\">\n\t\t\t<style>\/*! elementor - v3.23.0 - 05-08-2024 *\/\n.elementor-heading-title{padding:0;margin:0;line-height:1}.elementor-widget-heading .elementor-heading-title[class*=elementor-size-]>a{color:inherit;font-size:inherit;line-height:inherit}.elementor-widget-heading .elementor-heading-title.elementor-size-small{font-size:15px}.elementor-widget-heading .elementor-heading-title.elementor-size-medium{font-size:19px}.elementor-widget-heading .elementor-heading-title.elementor-size-large{font-size:29px}.elementor-widget-heading .elementor-heading-title.elementor-size-xl{font-size:39px}.elementor-widget-heading .elementor-heading-title.elementor-size-xxl{font-size:59px}<\/style><h2 class=\"elementor-heading-title elementor-size-default\">Performance & Suivi Sportif<\/h2>\t\t<\/div>\n\t\t\t\t<\/div>\n\t\t\t\t\t<\/div>\n\t\t\t\t<\/div>\n\t\t<div class=\"elementor-element elementor-element-adae8e4 e-flex e-con-boxed e-con e-parent\" data-id=\"adae8e4\" data-element_type=\"container\">\n\t\t\t\t\t<div class=\"e-con-inner\">\n\t\t<div class=\"elementor-element elementor-element-aea5ed2 e-con-full e-flex e-con e-child\" data-id=\"aea5ed2\" data-element_type=\"container\">\n\t\t\t\t<div class=\"elementor-element elementor-element-6fbadd9b elementor-widget elementor-widget-text-editor\" data-id=\"6fbadd9b\" data-element_type=\"widget\" data-widget_type=\"text-editor.default\">\n\t\t\t\t<div class=\"elementor-widget-container\">\n\t\t\t<style>\/*! elementor - v3.23.0 - 05-08-2024 *\/\n.elementor-widget-text-editor.elementor-drop-cap-view-stacked .elementor-drop-cap{background-color:#69727d;color:#fff}.elementor-widget-text-editor.elementor-drop-cap-view-framed .elementor-drop-cap{color:#69727d;border:3px solid;background-color:transparent}.elementor-widget-text-editor:not(.elementor-drop-cap-view-default) .elementor-drop-cap{margin-top:8px}.elementor-widget-text-editor:not(.elementor-drop-cap-view-default) .elementor-drop-cap-letter{width:1em;height:1em}.elementor-widget-text-editor .elementor-drop-cap{float:left;text-align:center;line-height:1;font-size:50px}.elementor-widget-text-editor .elementor-drop-cap-letter{display:inline-block}<\/style>\t\t\t\t<div><div><div><p>\u00a0<\/p><div style=\"line-height: 1.4; direction: ltr; margin-left: 0px;\"><p><span style=\"font-size: 16px; color: #000000; letter-spacing: 0em;\">Programme adress\u00e9 aux sportifs de haut niveau et aux sportifs confirm\u00e9s.<\/span><\/p><\/div><div style=\"line-height: 1.4; direction: ltr; margin-left: 0px;\"><p><span style=\"font-size: 16px; color: #000000; letter-spacing: 0em;\">Physiconcept se mobilise pour vous permettre d&rsquo;atteindre rapidement les objectifs fix\u00e9s ensemble. Au-del\u00e0 de la prise en charge globale, nous nous adapterons \u00e0 la singularit\u00e9 de votre sport afin de vous faire progresser et performer.<\/span><\/p><\/div><div style=\"line-height: 1.4; direction: ltr; margin-left: 0px;\"><p><span style=\"font-size: 16px; color: #000000; letter-spacing: 0em;\">Physiconcept \u00e0 l&rsquo;exp\u00e9rience depuis plusieurs ann\u00e9es d&rsquo;accompagner des sportifs de haut niveau \u00e0 l\u2019\u00e9chelle nationale et internationale.<\/span><\/p><\/div><\/div><\/div><div>\u00a0<\/div><\/div>\t\t\t\t\t\t<\/div>\n\t\t\t\t<\/div>\n\t\t\t\t<\/div>\n\t\t\t\t\t<\/div>\n\t\t\t\t<\/div>\n\t\t<div class=\"elementor-element elementor-element-778e0b27 e-flex e-con-boxed e-con e-parent\" data-id=\"778e0b27\" data-element_type=\"container\">\n\t\t\t\t\t<div class=\"e-con-inner\">\n\t\t\t\t<div class=\"elementor-element elementor-element-7c09021c elementor-align-center elementor-widget elementor-widget-button\" data-id=\"7c09021c\" data-element_type=\"widget\" data-widget_type=\"button.default\">\n\t\t\t\t<div class=\"elementor-widget-container\">\n\t\t\t\t\t<div class=\"elementor-button-wrapper\">\n\t\t\t<a class=\"elementor-button elementor-button-link elementor-size-sm\" href=\"\/index.php\/tarifs\/\">\n\t\t\t\t\t\t<span class=\"elementor-button-content-wrapper\">\n\t\t\t\t\t\t\t\t\t<span class=\"elementor-button-text\">Voir les tarifs<\/span>\n\t\t\t\t\t<\/span>\n\t\t\t\t\t<\/a>\n\t\t<\/div>\n\t\t\t\t<\/div>\n\t\t\t\t<\/div>\n\t\t\t\t\t<\/div>\n\t\t\t\t<\/div>\n\t\t<div class=\"elementor-element elementor-element-29d15106 e-flex e-con-boxed e-con e-parent\" data-id=\"29d15106\" data-element_type=\"container\">\n\t\t\t\t\t<div class=\"e-con-inner\">\n\t\t<div class=\"elementor-element elementor-element-279e8884 e-con-full e-flex e-con e-child\" data-id=\"279e8884\" data-element_type=\"container\">\n\t\t\t\t<div class=\"elementor-element elementor-element-7fcfcd68 elementor-widget elementor-widget-image\" data-id=\"7fcfcd68\" data-element_type=\"widget\" data-widget_type=\"image.default\">\n\t\t\t\t<div class=\"elementor-widget-container\">\n\t\t\t<style>\/*! elementor - v3.23.0 - 05-08-2024 *\/\n.elementor-widget-image{text-align:center}.elementor-widget-image a{display:inline-block}.elementor-widget-image a img[src$=\".svg\"]{width:48px}.elementor-widget-image img{vertical-align:middle;display:inline-block}<\/style>\t\t\t\t\t\t\t\t\t\t<img fetchpriority=\"high\" decoding=\"async\" width=\"768\" height=\"1024\" src=\"https:\/\/www.physiconcept.com\/wp-content\/uploads\/2024\/09\/IMG-20240917-WA0032-768x1024.jpg\" class=\"attachment-large size-large wp-image-2068\" alt=\"\" srcset=\"https:\/\/www.physiconcept.com\/wp-content\/uploads\/2024\/09\/IMG-20240917-WA0032-768x1024.jpg 768w, https:\/\/www.physiconcept.com\/wp-content\/uploads\/2024\/09\/IMG-20240917-WA0032-225x300.jpg 225w, https:\/\/www.physiconcept.com\/wp-content\/uploads\/2024\/09\/IMG-20240917-WA0032-1152x1536.jpg 1152w, https:\/\/www.physiconcept.com\/wp-content\/uploads\/2024\/09\/IMG-20240917-WA0032.jpg 1200w\" sizes=\"(max-width: 768px) 100vw, 768px\" \/>\t\t\t\t\t\t\t\t\t\t\t\t\t<\/div>\n\t\t\t\t<\/div>\n\t\t\t\t<\/div>\n\t\t<div class=\"elementor-element elementor-element-cbfc2be e-flex e-con-boxed e-con e-child\" data-id=\"cbfc2be\" data-element_type=\"container\">\n\t\t\t\t\t<div class=\"e-con-inner\">\n\t\t\t\t<div class=\"elementor-element elementor-element-64816851 elementor-widget elementor-widget-text-editor\" data-id=\"64816851\" data-element_type=\"widget\" data-widget_type=\"text-editor.default\">\n\t\t\t\t<div class=\"elementor-widget-container\">\n\t\t\t\t\t\t\t<div>\n<div style=\"line-height: 1.4; direction: ltr; margin-left: 0px;\">\n<p><span style=\"font-size: 16px; letter-spacing: 0em;\">Physiconcept sera vous accompagn\u00e9 dans une concr\u00e9tisation de votre projet quel qu\u2019il soit : course \u00e0 pied ( d\u2019un 10 km \u00e0 un marathon) comme <\/span><span style=\"font-size: 16px; font-style: italic; letter-spacing: 0em;\">le Run in Lyon<\/span><span style=\"font-size: 16px; letter-spacing: 0em;\"> , <\/span><span style=\"font-size: 16px; font-style: italic; letter-spacing: 0em;\">La Saint\u00e9-Lyon<\/span><span style=\"font-size: 16px; letter-spacing: 0em;\">, trail, treck, run and bike ascension d\u2019un sommet (mont blanc, Kilimandjaro \u2026) v\u00e9lo itin\u00e9rant, traverser \u00e0 la nage ou encore du raid tel que le <\/span><span style=\"font-size: 16px; font-style: italic; letter-spacing: 0em;\">Raid Amazone<\/span><span style=\"font-size: 16px; letter-spacing: 0em;\">.<\/span><\/p>\n<\/div>\n<div style=\"line-height: 1.4; direction: ltr; margin-left: 0px;\">\n<p><span style=\"font-size: 16px; letter-spacing: 0em;\">Nous avons \u00e0 c\u0153ur d\u2019accompagner toute personnes et \u00e0 tous les niveaux dans la pr\u00e9paration de ses projets, dans un souci de progression et d\u2019efficacit\u00e9.<\/span><\/p>\n<\/div>\n<div style=\"line-height: 1.4; direction: ltr; margin-left: 0px;\">\n<p><span style=\"font-size: 16px; letter-spacing: 0em;\">Physiconcept : <\/span><span style=\"font-size: 16px; font-weight: bold; text-decoration-line: underline; letter-spacing: 0em;\">\u201cL\u2019\u00e9loge de la volont\u00e9\u201d<\/span><\/p>\n<\/div>\n<\/div>\t\t\t\t\t\t<\/div>\n\t\t\t\t<\/div>\n\t\t\t\t\t<\/div>\n\t\t\t\t<\/div>\n\t\t\t\t\t<\/div>\n\t\t\t\t<\/div>\n\t\t<div class=\"elementor-element elementor-element-80d761a e-flex e-con-boxed e-con e-parent\" data-id=\"80d761a\" data-element_type=\"container\">\n\t\t\t\t\t<div class=\"e-con-inner\">\n\t\t\t\t<div class=\"elementor-element elementor-element-f241047 gallery-spacing-custom elementor-widget elementor-widget-image-gallery\" data-id=\"f241047\" data-element_type=\"widget\" data-widget_type=\"image-gallery.default\">\n\t\t\t\t<div class=\"elementor-widget-container\">\n\t\t\t<style>\/*! elementor - v3.23.0 - 05-08-2024 *\/\n.elementor-image-gallery .gallery-item{display:inline-block;text-align:center;vertical-align:top;width:100%;max-width:100%;margin:0 auto}.elementor-image-gallery .gallery-item img{margin:0 auto}.elementor-image-gallery .gallery-item .gallery-caption{margin:0}.elementor-image-gallery figure img{display:block}.elementor-image-gallery figure figcaption{width:100%}.gallery-spacing-custom .elementor-image-gallery .gallery-icon{padding:0}@media (min-width:768px){.elementor-image-gallery .gallery-columns-2 .gallery-item{max-width:50%}.elementor-image-gallery .gallery-columns-3 .gallery-item{max-width:33.33%}.elementor-image-gallery .gallery-columns-4 .gallery-item{max-width:25%}.elementor-image-gallery .gallery-columns-5 .gallery-item{max-width:20%}.elementor-image-gallery .gallery-columns-6 .gallery-item{max-width:16.666%}.elementor-image-gallery .gallery-columns-7 .gallery-item{max-width:14.28%}.elementor-image-gallery .gallery-columns-8 .gallery-item{max-width:12.5%}.elementor-image-gallery .gallery-columns-9 .gallery-item{max-width:11.11%}.elementor-image-gallery .gallery-columns-10 .gallery-item{max-width:10%}}@media (min-width:480px) and (max-width:767px){.elementor-image-gallery .gallery.gallery-columns-2 .gallery-item,.elementor-image-gallery .gallery.gallery-columns-3 .gallery-item,.elementor-image-gallery .gallery.gallery-columns-4 .gallery-item,.elementor-image-gallery .gallery.gallery-columns-5 .gallery-item,.elementor-image-gallery .gallery.gallery-columns-6 .gallery-item,.elementor-image-gallery .gallery.gallery-columns-7 .gallery-item,.elementor-image-gallery .gallery.gallery-columns-8 .gallery-item,.elementor-image-gallery .gallery.gallery-columns-9 .gallery-item,.elementor-image-gallery .gallery.gallery-columns-10 .gallery-item{max-width:50%}}@media (max-width:479px){.elementor-image-gallery .gallery.gallery-columns-2 .gallery-item,.elementor-image-gallery .gallery.gallery-columns-3 .gallery-item,.elementor-image-gallery .gallery.gallery-columns-4 .gallery-item,.elementor-image-gallery .gallery.gallery-columns-5 .gallery-item,.elementor-image-gallery .gallery.gallery-columns-6 .gallery-item,.elementor-image-gallery .gallery.gallery-columns-7 .gallery-item,.elementor-image-gallery .gallery.gallery-columns-8 .gallery-item,.elementor-image-gallery .gallery.gallery-columns-9 .gallery-item,.elementor-image-gallery .gallery.gallery-columns-10 .gallery-item{max-width:100%}}<\/style>\t\t<div class=\"elementor-image-gallery\">\n\t\t\t<div id='gallery-1' class='gallery galleryid-783 gallery-columns-4 gallery-size-full'><figure class='gallery-item'>\n\t\t\t<div class='gallery-icon portrait'>\n\t\t\t\t<a data-elementor-open-lightbox=\"yes\" data-elementor-lightbox-slideshow=\"f241047\" data-elementor-lightbox-title=\"IMG_3421(1)\" data-e-action-hash=\"#elementor-action%3Aaction%3Dlightbox%26settings%3DeyJpZCI6MTY4NiwidXJsIjoiaHR0cHM6XC9cL3d3dy5waHlzaWNvbmNlcHQuY29tXC93cC1jb250ZW50XC91cGxvYWRzXC8yMDI0XC8wOVwvSU1HXzM0MjExLTEtc2NhbGVkLmpwZyIsInNsaWRlc2hvdyI6ImYyNDEwNDcifQ%3D%3D\" href='https:\/\/www.physiconcept.com\/wp-content\/uploads\/2024\/09\/IMG_34211-1-scaled.jpg'><img decoding=\"async\" width=\"1920\" height=\"2560\" src=\"https:\/\/www.physiconcept.com\/wp-content\/uploads\/2024\/09\/IMG_34211-1-scaled.jpg\" class=\"attachment-full size-full\" alt=\"\" srcset=\"https:\/\/www.physiconcept.com\/wp-content\/uploads\/2024\/09\/IMG_34211-1-scaled.jpg 1920w, https:\/\/www.physiconcept.com\/wp-content\/uploads\/2024\/09\/IMG_34211-1-225x300.jpg 225w, https:\/\/www.physiconcept.com\/wp-content\/uploads\/2024\/09\/IMG_34211-1-768x1024.jpg 768w, https:\/\/www.physiconcept.com\/wp-content\/uploads\/2024\/09\/IMG_34211-1-1152x1536.jpg 1152w, https:\/\/www.physiconcept.com\/wp-content\/uploads\/2024\/09\/IMG_34211-1-1536x2048.jpg 1536w\" sizes=\"(max-width: 1920px) 100vw, 1920px\" \/><\/a>\n\t\t\t<\/div><\/figure><figure class='gallery-item'>\n\t\t\t<div class='gallery-icon portrait'>\n\t\t\t\t<a data-elementor-open-lightbox=\"yes\" data-elementor-lightbox-slideshow=\"f241047\" data-elementor-lightbox-title=\"IMG_1872\" data-e-action-hash=\"#elementor-action%3Aaction%3Dlightbox%26settings%3DeyJpZCI6MTYzNywidXJsIjoiaHR0cHM6XC9cL3d3dy5waHlzaWNvbmNlcHQuY29tXC93cC1jb250ZW50XC91cGxvYWRzXC8yMDI0XC8wOVwvSU1HXzE4NzItc2NhbGVkLmpwZyIsInNsaWRlc2hvdyI6ImYyNDEwNDcifQ%3D%3D\" href='https:\/\/www.physiconcept.com\/wp-content\/uploads\/2024\/09\/IMG_1872-scaled.jpg'><img decoding=\"async\" width=\"1920\" height=\"2560\" src=\"https:\/\/www.physiconcept.com\/wp-content\/uploads\/2024\/09\/IMG_1872-scaled.jpg\" class=\"attachment-full size-full\" alt=\"\" srcset=\"https:\/\/www.physiconcept.com\/wp-content\/uploads\/2024\/09\/IMG_1872-scaled.jpg 1920w, https:\/\/www.physiconcept.com\/wp-content\/uploads\/2024\/09\/IMG_1872-225x300.jpg 225w, https:\/\/www.physiconcept.com\/wp-content\/uploads\/2024\/09\/IMG_1872-768x1024.jpg 768w, https:\/\/www.physiconcept.com\/wp-content\/uploads\/2024\/09\/IMG_1872-1152x1536.jpg 1152w, https:\/\/www.physiconcept.com\/wp-content\/uploads\/2024\/09\/IMG_1872-1536x2048.jpg 1536w\" sizes=\"(max-width: 1920px) 100vw, 1920px\" \/><\/a>\n\t\t\t<\/div><\/figure><figure class='gallery-item'>\n\t\t\t<div class='gallery-icon portrait'>\n\t\t\t\t<a data-elementor-open-lightbox=\"yes\" data-elementor-lightbox-slideshow=\"f241047\" data-elementor-lightbox-title=\"IMG_1957\" data-e-action-hash=\"#elementor-action%3Aaction%3Dlightbox%26settings%3DeyJpZCI6MTYzOSwidXJsIjoiaHR0cHM6XC9cL3d3dy5waHlzaWNvbmNlcHQuY29tXC93cC1jb250ZW50XC91cGxvYWRzXC8yMDI0XC8wOVwvSU1HXzE5NTctc2NhbGVkLmpwZyIsInNsaWRlc2hvdyI6ImYyNDEwNDcifQ%3D%3D\" href='https:\/\/www.physiconcept.com\/wp-content\/uploads\/2024\/09\/IMG_1957-scaled.jpg'><img loading=\"lazy\" decoding=\"async\" width=\"1920\" height=\"2560\" src=\"https:\/\/www.physiconcept.com\/wp-content\/uploads\/2024\/09\/IMG_1957-scaled.jpg\" class=\"attachment-full size-full\" alt=\"\" srcset=\"https:\/\/www.physiconcept.com\/wp-content\/uploads\/2024\/09\/IMG_1957-scaled.jpg 1920w, https:\/\/www.physiconcept.com\/wp-content\/uploads\/2024\/09\/IMG_1957-225x300.jpg 225w, https:\/\/www.physiconcept.com\/wp-content\/uploads\/2024\/09\/IMG_1957-768x1024.jpg 768w, https:\/\/www.physiconcept.com\/wp-content\/uploads\/2024\/09\/IMG_1957-1152x1536.jpg 1152w, https:\/\/www.physiconcept.com\/wp-content\/uploads\/2024\/09\/IMG_1957-1536x2048.jpg 1536w\" sizes=\"(max-width: 1920px) 100vw, 1920px\" \/><\/a>\n\t\t\t<\/div><\/figure><figure class='gallery-item'>\n\t\t\t<div class='gallery-icon portrait'>\n\t\t\t\t<a data-elementor-open-lightbox=\"yes\" data-elementor-lightbox-slideshow=\"f241047\" data-elementor-lightbox-title=\"IMG-20240903-WA0008\" data-e-action-hash=\"#elementor-action%3Aaction%3Dlightbox%26settings%3DeyJpZCI6MTU5NCwidXJsIjoiaHR0cHM6XC9cL3d3dy5waHlzaWNvbmNlcHQuY29tXC93cC1jb250ZW50XC91cGxvYWRzXC8yMDI0XC8wOVwvSU1HLTIwMjQwOTAzLVdBMDAwOC5qcGciLCJzbGlkZXNob3ciOiJmMjQxMDQ3In0%3D\" href='https:\/\/www.physiconcept.com\/wp-content\/uploads\/2024\/09\/IMG-20240903-WA0008.jpg'><img loading=\"lazy\" decoding=\"async\" width=\"1200\" height=\"1600\" src=\"https:\/\/www.physiconcept.com\/wp-content\/uploads\/2024\/09\/IMG-20240903-WA0008.jpg\" class=\"attachment-full size-full\" alt=\"\" srcset=\"https:\/\/www.physiconcept.com\/wp-content\/uploads\/2024\/09\/IMG-20240903-WA0008.jpg 1200w, https:\/\/www.physiconcept.com\/wp-content\/uploads\/2024\/09\/IMG-20240903-WA0008-225x300.jpg 225w, https:\/\/www.physiconcept.com\/wp-content\/uploads\/2024\/09\/IMG-20240903-WA0008-768x1024.jpg 768w, https:\/\/www.physiconcept.com\/wp-content\/uploads\/2024\/09\/IMG-20240903-WA0008-1152x1536.jpg 1152w\" sizes=\"(max-width: 1200px) 100vw, 1200px\" \/><\/a>\n\t\t\t<\/div><\/figure><figure class='gallery-item'>\n\t\t\t<div class='gallery-icon portrait'>\n\t\t\t\t<a data-elementor-open-lightbox=\"yes\" data-elementor-lightbox-slideshow=\"f241047\" data-elementor-lightbox-title=\"IMG-20240903-WA0029\" data-e-action-hash=\"#elementor-action%3Aaction%3Dlightbox%26settings%3DeyJpZCI6MTU3NSwidXJsIjoiaHR0cHM6XC9cL3d3dy5waHlzaWNvbmNlcHQuY29tXC93cC1jb250ZW50XC91cGxvYWRzXC8yMDI0XC8wOVwvSU1HLTIwMjQwOTAzLVdBMDAyOS5qcGciLCJzbGlkZXNob3ciOiJmMjQxMDQ3In0%3D\" href='https:\/\/www.physiconcept.com\/wp-content\/uploads\/2024\/09\/IMG-20240903-WA0029.jpg'><img loading=\"lazy\" decoding=\"async\" width=\"1200\" height=\"1600\" src=\"https:\/\/www.physiconcept.com\/wp-content\/uploads\/2024\/09\/IMG-20240903-WA0029.jpg\" class=\"attachment-full size-full\" alt=\"\" srcset=\"https:\/\/www.physiconcept.com\/wp-content\/uploads\/2024\/09\/IMG-20240903-WA0029.jpg 1200w, https:\/\/www.physiconcept.com\/wp-content\/uploads\/2024\/09\/IMG-20240903-WA0029-225x300.jpg 225w, https:\/\/www.physiconcept.com\/wp-content\/uploads\/2024\/09\/IMG-20240903-WA0029-768x1024.jpg 768w, https:\/\/www.physiconcept.com\/wp-content\/uploads\/2024\/09\/IMG-20240903-WA0029-1152x1536.jpg 1152w\" sizes=\"(max-width: 1200px) 100vw, 1200px\" \/><\/a>\n\t\t\t<\/div><\/figure><figure class='gallery-item'>\n\t\t\t<div class='gallery-icon portrait'>\n\t\t\t\t<a data-elementor-open-lightbox=\"yes\" data-elementor-lightbox-slideshow=\"f241047\" data-elementor-lightbox-title=\"IMG-20240917-WA0033\" data-e-action-hash=\"#elementor-action%3Aaction%3Dlightbox%26settings%3DeyJpZCI6MjA2OSwidXJsIjoiaHR0cHM6XC9cL3d3dy5waHlzaWNvbmNlcHQuY29tXC93cC1jb250ZW50XC91cGxvYWRzXC8yMDI0XC8wOVwvSU1HLTIwMjQwOTE3LVdBMDAzMy5qcGciLCJzbGlkZXNob3ciOiJmMjQxMDQ3In0%3D\" href='https:\/\/www.physiconcept.com\/wp-content\/uploads\/2024\/09\/IMG-20240917-WA0033.jpg'><img loading=\"lazy\" decoding=\"async\" width=\"1200\" height=\"1600\" src=\"https:\/\/www.physiconcept.com\/wp-content\/uploads\/2024\/09\/IMG-20240917-WA0033.jpg\" class=\"attachment-full size-full\" alt=\"\" srcset=\"https:\/\/www.physiconcept.com\/wp-content\/uploads\/2024\/09\/IMG-20240917-WA0033.jpg 1200w, https:\/\/www.physiconcept.com\/wp-content\/uploads\/2024\/09\/IMG-20240917-WA0033-225x300.jpg 225w, https:\/\/www.physiconcept.com\/wp-content\/uploads\/2024\/09\/IMG-20240917-WA0033-768x1024.jpg 768w, https:\/\/www.physiconcept.com\/wp-content\/uploads\/2024\/09\/IMG-20240917-WA0033-1152x1536.jpg 1152w\" sizes=\"(max-width: 1200px) 100vw, 1200px\" \/><\/a>\n\t\t\t<\/div><\/figure><figure class='gallery-item'>\n\t\t\t<div class='gallery-icon portrait'>\n\t\t\t\t<a data-elementor-open-lightbox=\"yes\" data-elementor-lightbox-slideshow=\"f241047\" data-elementor-lightbox-title=\"IMG-20240917-WA0009\" data-e-action-hash=\"#elementor-action%3Aaction%3Dlightbox%26settings%3DeyJpZCI6MjA5OSwidXJsIjoiaHR0cHM6XC9cL3d3dy5waHlzaWNvbmNlcHQuY29tXC93cC1jb250ZW50XC91cGxvYWRzXC8yMDI0XC8wOVwvSU1HLTIwMjQwOTE3LVdBMDAwOS5qcGciLCJzbGlkZXNob3ciOiJmMjQxMDQ3In0%3D\" href='https:\/\/www.physiconcept.com\/wp-content\/uploads\/2024\/09\/IMG-20240917-WA0009.jpg'><img loading=\"lazy\" decoding=\"async\" width=\"1200\" height=\"1600\" src=\"https:\/\/www.physiconcept.com\/wp-content\/uploads\/2024\/09\/IMG-20240917-WA0009.jpg\" class=\"attachment-full size-full\" alt=\"\" srcset=\"https:\/\/www.physiconcept.com\/wp-content\/uploads\/2024\/09\/IMG-20240917-WA0009.jpg 1200w, https:\/\/www.physiconcept.com\/wp-content\/uploads\/2024\/09\/IMG-20240917-WA0009-225x300.jpg 225w, https:\/\/www.physiconcept.com\/wp-content\/uploads\/2024\/09\/IMG-20240917-WA0009-768x1024.jpg 768w, https:\/\/www.physiconcept.com\/wp-content\/uploads\/2024\/09\/IMG-20240917-WA0009-1152x1536.jpg 1152w\" sizes=\"(max-width: 1200px) 100vw, 1200px\" \/><\/a>\n\t\t\t<\/div><\/figure><figure class='gallery-item'>\n\t\t\t<div class='gallery-icon portrait'>\n\t\t\t\t<a data-elementor-open-lightbox=\"yes\" data-elementor-lightbox-slideshow=\"f241047\" data-elementor-lightbox-title=\"IMG-20240917-WA0035\" data-e-action-hash=\"#elementor-action%3Aaction%3Dlightbox%26settings%3DeyJpZCI6MjA3MSwidXJsIjoiaHR0cHM6XC9cL3d3dy5waHlzaWNvbmNlcHQuY29tXC93cC1jb250ZW50XC91cGxvYWRzXC8yMDI0XC8wOVwvSU1HLTIwMjQwOTE3LVdBMDAzNS5qcGciLCJzbGlkZXNob3ciOiJmMjQxMDQ3In0%3D\" href='https:\/\/www.physiconcept.com\/wp-content\/uploads\/2024\/09\/IMG-20240917-WA0035.jpg'><img loading=\"lazy\" decoding=\"async\" width=\"1200\" height=\"1600\" src=\"https:\/\/www.physiconcept.com\/wp-content\/uploads\/2024\/09\/IMG-20240917-WA0035.jpg\" class=\"attachment-full size-full\" alt=\"\" srcset=\"https:\/\/www.physiconcept.com\/wp-content\/uploads\/2024\/09\/IMG-20240917-WA0035.jpg 1200w, https:\/\/www.physiconcept.com\/wp-content\/uploads\/2024\/09\/IMG-20240917-WA0035-225x300.jpg 225w, https:\/\/www.physiconcept.com\/wp-content\/uploads\/2024\/09\/IMG-20240917-WA0035-768x1024.jpg 768w, https:\/\/www.physiconcept.com\/wp-content\/uploads\/2024\/09\/IMG-20240917-WA0035-1152x1536.jpg 1152w\" sizes=\"(max-width: 1200px) 100vw, 1200px\" \/><\/a>\n\t\t\t<\/div><\/figure><figure class='gallery-item'>\n\t\t\t<div class='gallery-icon portrait'>\n\t\t\t\t<a data-elementor-open-lightbox=\"yes\" data-elementor-lightbox-slideshow=\"f241047\" data-elementor-lightbox-title=\"IMG-20240917-WA0021\" data-e-action-hash=\"#elementor-action%3Aaction%3Dlightbox%26settings%3DeyJpZCI6MjA4OCwidXJsIjoiaHR0cHM6XC9cL3d3dy5waHlzaWNvbmNlcHQuY29tXC93cC1jb250ZW50XC91cGxvYWRzXC8yMDI0XC8wOVwvSU1HLTIwMjQwOTE3LVdBMDAyMS5qcGciLCJzbGlkZXNob3ciOiJmMjQxMDQ3In0%3D\" href='https:\/\/www.physiconcept.com\/wp-content\/uploads\/2024\/09\/IMG-20240917-WA0021.jpg'><img loading=\"lazy\" decoding=\"async\" width=\"1200\" height=\"1600\" src=\"https:\/\/www.physiconcept.com\/wp-content\/uploads\/2024\/09\/IMG-20240917-WA0021.jpg\" class=\"attachment-full size-full\" alt=\"\" srcset=\"https:\/\/www.physiconcept.com\/wp-content\/uploads\/2024\/09\/IMG-20240917-WA0021.jpg 1200w, https:\/\/www.physiconcept.com\/wp-content\/uploads\/2024\/09\/IMG-20240917-WA0021-225x300.jpg 225w, https:\/\/www.physiconcept.com\/wp-content\/uploads\/2024\/09\/IMG-20240917-WA0021-768x1024.jpg 768w, https:\/\/www.physiconcept.com\/wp-content\/uploads\/2024\/09\/IMG-20240917-WA0021-1152x1536.jpg 1152w\" sizes=\"(max-width: 1200px) 100vw, 1200px\" \/><\/a>\n\t\t\t<\/div><\/figure>\n\t\t<\/div>\n\t\t<\/div>\n\t\t\t\t<\/div>\n\t\t\t\t<\/div>\n\t\t\t\t\t<\/div>\n\t\t\t\t<\/div>\n\t\t\t\t<\/div>\n\t\t","protected":false},"excerpt":{"rendered":"<p>Performance &#038; Suivi Sportif \u00a0 Programme adress\u00e9 aux sportifs de haut niveau et aux sportifs confirm\u00e9s. Physiconcept se mobilise pour vous permettre d&rsquo;atteindre rapidement les objectifs fix\u00e9s ensemble. Au-del\u00e0 de la prise en charge globale, nous nous adapterons \u00e0 la singularit\u00e9 de votre sport afin de vous faire progresser et performer. Physiconcept \u00e0 l&rsquo;exp\u00e9rience depuis [&hellip;]<\/p>\n","protected":false},"author":1,"featured_media":0,"parent":0,"menu_order":0,"comment_status":"closed","ping_status":"closed","template":"","meta":{"footnotes":""},"class_list":["post-783","page","type-page","status-publish","hentry"],"_links":{"self":[{"href":"https:\/\/www.physiconcept.com\/index.php\/wp-json\/wp\/v2\/pages\/783","targetHints":{"allow":["GET"]}}],"collection":[{"href":"https:\/\/www.physiconcept.com\/index.php\/wp-json\/wp\/v2\/pages"}],"about":[{"href":"https:\/\/www.physiconcept.com\/index.php\/wp-json\/wp\/v2\/types\/page"}],"author":[{"embeddable":true,"href":"https:\/\/www.physiconcept.com\/index.php\/wp-json\/wp\/v2\/users\/1"}],"replies":[{"embeddable":true,"href":"https:\/\/www.physiconcept.com\/index.php\/wp-json\/wp\/v2\/comments?post=783"}],"version-history":[{"count":28,"href":"https:\/\/www.physiconcept.com\/index.php\/wp-json\/wp\/v2\/pages\/783\/revisions"}],"predecessor-version":[{"id":2201,"href":"https:\/\/www.physiconcept.com\/index.php\/wp-json\/wp\/v2\/pages\/783\/revisions\/2201"}],"wp:attachment":[{"href":"https:\/\/www.physiconcept.com\/index.php\/wp-json\/wp\/v2\/media?parent=783"}],"curies":[{"name":"wp","href":"https:\/\/api.w.org\/{rel}","templated":true}]}}